{"id":825,"date":"2021-03-07T16:05:01","date_gmt":"2021-03-07T15:05:01","guid":{"rendered":"http:\/\/www.equiphoria.com\/en\/?page_id=825"},"modified":"2024-01-18T12:20:44","modified_gmt":"2024-01-18T11:20:44","slug":"legal-notice","status":"publish","type":"page","link":"https:\/\/www.equiphoria.com\/en\/legal-notice","title":{"rendered":"Legal notice"},"content":{"rendered":"<h2>Imprint<\/h2>\n<p>www.equiphoria.com is published by the <strong>Association Equiphoria.<\/strong><\/p>\n<p><strong>Association Equiphoria<\/strong><br \/>\n2 rue Canton &#8211; 34090 Montpellier<br \/>\nFrance<\/p>\n<p><strong>RCS<\/strong>: 525 403 523 (French business registry number)<br \/>\n<strong>Publisher &amp; editor<\/strong>: H\u00e9l\u00e8ne Viruega<\/p>\n<h2>Personal data and cookies<\/h2>\n<p>Pour en savoir plus sur la gestion de vos donn\u00e9es personnelles et des cookies, veuillez consulter notre page sur la <a href=\"https:\/\/www.equiphoria.com\/en\/privacy-policy\">politique de confidentialit\u00e9<\/a>.<\/p>\n<h2>The website was designed and implemented by<\/h2>\n<p>Suricate Communication<strong>, <\/strong>7 r\u00e9sidence du Sabot, 48500 La Canourgue, France.<\/p>\n<h2>The website is hosted by<\/h2>\n<p><strong>OVH<\/strong><br \/>\n140 Quai du Sartel<br \/>\n59100 ROUBAIX<br \/>\nFrance<br \/>\nsupport@ovh.com | +33 08 99 70 17 61<\/p>\n","protected":false},"excerpt":{"rendered":"<p>Imprint www.equiphoria.com is published by the Association Equiphoria. Association Equiphoria 2 rue Canton &#8211; 34090 Montpellier France RCS: 525 403 523 (French business registry number) Publisher &amp; editor: H\u00e9l\u00e8ne Viruega Personal data and cookies Pour en savoir plus sur la gestion de vos donn\u00e9es personnelles et des cookies, veuillez consulter notre page sur la politique [&hellip;]<\/p>\n","protected":false},"author":1,"featured_media":0,"parent":0,"menu_order":2000,"comment_status":"closed","ping_status":"closed","template":"","meta":{"footnotes":""},"class_list":["post-825","page","type-page","status-publish","hentry"],"aioseo_notices":[],"_links":{"self":[{"href":"https:\/\/www.equiphoria.com\/en\/wp-json\/wp\/v2\/pages\/825","targetHints":{"allow":["GET"]}}],"collection":[{"href":"https:\/\/www.equiphoria.com\/en\/wp-json\/wp\/v2\/pages"}],"about":[{"href":"https:\/\/www.equiphoria.com\/en\/wp-json\/wp\/v2\/types\/page"}],"author":[{"embeddable":true,"href":"https:\/\/www.equiphoria.com\/en\/wp-json\/wp\/v2\/users\/1"}],"replies":[{"embeddable":true,"href":"https:\/\/www.equiphoria.com\/en\/wp-json\/wp\/v2\/comments?post=825"}],"version-history":[{"count":4,"href":"https:\/\/www.equiphoria.com\/en\/wp-json\/wp\/v2\/pages\/825\/revisions"}],"predecessor-version":[{"id":1148,"href":"https:\/\/www.equiphoria.com\/en\/wp-json\/wp\/v2\/pages\/825\/revisions\/1148"}],"wp:attachment":[{"href":"https:\/\/www.equiphoria.com\/en\/wp-json\/wp\/v2\/media?parent=825"}],"curies":[{"name":"wp","href":"https:\/\/api.w.org\/{rel}","templated":true}]}}