{"id":1111,"date":"2023-09-08T17:29:11","date_gmt":"2023-09-08T15:29:11","guid":{"rendered":"https:\/\/www.equiphoria.com\/en\/?page_id=1111"},"modified":"2024-01-18T12:26:50","modified_gmt":"2024-01-18T11:26:50","slug":"privacy-policy","status":"publish","type":"page","link":"https:\/\/www.equiphoria.com\/en\/privacy-policy","title":{"rendered":"Privacy Policy"},"content":{"rendered":"<h2>Who we are<\/h2>\n<p>Our website address is https:\/\/www.equiphoria.com\/en, published by the Association Equiphoria &#8211; 2 rue Canton &#8211; 34090 Montpellier- France.<\/p>\n<p>Pour en savoir plus, vous pouvez consulter notre page des <a title=\"Mentions l\u00e9gales\" href=\"https:\/\/www.equiphoria.com\/en\/legal-notice\">mentions l\u00e9gales<\/a>.<\/p>\n<h2>Utilisation des donn\u00e9es personnelles collect\u00e9es<\/h2>\n<p><strong>Contact forms<\/strong><\/p>\n<p>The data we collect will be used solely by Equiphoria.<\/p>\n<p><strong>Cookies<\/strong><\/p>\n<p>As you browse our website, cookies will be placed on your computer, your mobile phone, or your tablet computer. We design our website with the Internet user in mind, attempting to optimize their browsing experience. We collect cookies in order to better understand how Internet users navigate trough our website.<\/p>\n<p>A cookie is a small text file placed on your computer when you visit a website. Its purpose is to collect information on how you navigate the site. The cookies are managed by your web browser.<br \/>\nAs cookies, our website uses tags that are not personally identifiable; they help us understand how Internet users browse our site, and they enable sharing on social networks, without any personal information being stored.<br \/>\nYou may deactivate the cookies at any time. You can also set your browser to alert you of any cookies being placed on your computer, and to ask for your consent before doing so.<\/p>\n<p>You can decide whether or not to accept the cookies at each visit or you can block them altogether.<br \/>\nHowever, you should be aware that disabling cookies might prevent you from accessing some of our content. We warmly suggest to keep in mind the purpose of the cookies when deciding on your cookie settings.<\/p>\n<p><strong>Contenu embarqu\u00e9 depuis d\u2019autres sites<\/strong><\/p>\n<p>Les articles de ce site peuvent inclure des contenus int\u00e9gr\u00e9s (par exemple des vid\u00e9os, images, articles\u2026). Le contenu int\u00e9gr\u00e9 depuis d\u2019autres sites se comporte de la m\u00eame mani\u00e8re que si le visiteur se rendait sur cet autre site.<\/p>\n<p>Ces sites web pourraient collecter des donn\u00e9es sur vous, utiliser des cookies, embarquer des outils de suivis tiers, suivre vos interactions avec ces contenus embarqu\u00e9s si vous disposez d\u2019un compte connect\u00e9 sur leur site web.<\/p>\n<h2>Dur\u00e9es de stockage de vos donn\u00e9es<\/h2>\n<p>Les donn\u00e9es vous concernant seront conserv\u00e9es pendant une dur\u00e9e de 3 ans \u00e0 compter de votre derni\u00e8re activit\u00e9 (ex : sc\u00e9ance d&#8217;hippoth\u00e9rapie) puis archiv\u00e9es avec un acc\u00e8s restreint pour une dur\u00e9e suppl\u00e9mentaire de 3 ans pour des raisons strictement limit\u00e9es et autoris\u00e9es par la loi (paiement, litiges \u2026).<\/p>\n<h2>Les droits que vous avez sur vos donn\u00e9es<\/h2>\n<p>Pursuant to article 27 of the French law on Information Technology, Data Files and Civil Liberty of 6 January 1978, you have the right to access, rectify, modify and delete any personal information about you we collect through the Equiphoria website. If you want to make use of this right, send us an email by using the <a href=\"https:\/\/www.equiphoria.com\/en\/contact-us\">contact form<\/a> or send us a paper mail at: Association Equiphoria &#8211; 2 rue Canton &#8211; 34090 Montpellier &#8211; France.<\/p>\n<h2>Transmission de vos donn\u00e9es personnelles<\/h2>\n<p>The data we collect will be used solely by Equiphoria.<\/p>\n<h2>Informations de contact<\/h2>\n<p>Pour toute question concernant vos donn\u00e9es personnelles, vous pouvez nous contacter par le <a title=\"Nous contacter\" href=\"https:\/\/www.equiphoria.com\/en\/contact-us\">formulaire de contact<\/a> du site ou par courrier \u00e0 l&#8217;adresse suivante : Association Equiphoria &#8211; 2 rue Canton &#8211; 34090 Montpellier &#8211; France.<\/p>\n<p>La responsable du traitement est Mme H\u00e9l\u00e8ne Viruega.<\/p>\n","protected":false},"excerpt":{"rendered":"<p>Who we are Our website address is https:\/\/www.equiphoria.com\/en, published by the Association Equiphoria &#8211; 2 rue Canton &#8211; 34090 Montpellier- France. Pour en savoir plus, vous pouvez consulter notre page des mentions l\u00e9gales. Utilisation des donn\u00e9es personnelles collect\u00e9es Contact forms The data we collect will be used solely by Equiphoria. Cookies As you browse our [&hellip;]<\/p>\n","protected":false},"author":1,"featured_media":0,"parent":0,"menu_order":2500,"comment_status":"closed","ping_status":"closed","template":"","meta":{"footnotes":""},"class_list":["post-1111","page","type-page","status-publish","hentry"],"aioseo_notices":[],"_links":{"self":[{"href":"https:\/\/www.equiphoria.com\/en\/wp-json\/wp\/v2\/pages\/1111","targetHints":{"allow":["GET"]}}],"collection":[{"href":"https:\/\/www.equiphoria.com\/en\/wp-json\/wp\/v2\/pages"}],"about":[{"href":"https:\/\/www.equiphoria.com\/en\/wp-json\/wp\/v2\/types\/page"}],"author":[{"embeddable":true,"href":"https:\/\/www.equiphoria.com\/en\/wp-json\/wp\/v2\/users\/1"}],"replies":[{"embeddable":true,"href":"https:\/\/www.equiphoria.com\/en\/wp-json\/wp\/v2\/comments?post=1111"}],"version-history":[{"count":9,"href":"https:\/\/www.equiphoria.com\/en\/wp-json\/wp\/v2\/pages\/1111\/revisions"}],"predecessor-version":[{"id":1149,"href":"https:\/\/www.equiphoria.com\/en\/wp-json\/wp\/v2\/pages\/1111\/revisions\/1149"}],"wp:attachment":[{"href":"https:\/\/www.equiphoria.com\/en\/wp-json\/wp\/v2\/media?parent=1111"}],"curies":[{"name":"wp","href":"https:\/\/api.w.org\/{rel}","templated":true}]}}